{"id":24890,"date":"2022-04-01T14:03:25","date_gmt":"2022-04-01T14:03:25","guid":{"rendered":"https:\/\/staging.ellab.si\/our-services-ellab\/"},"modified":"2024-04-15T05:46:03","modified_gmt":"2024-04-15T05:46:03","slug":"our-services-ellab","status":"publish","type":"page","link":"https:\/\/staging.ellab.si\/en\/our-services-ellab\/","title":{"rendered":"Our services"},"content":{"rendered":"\t\t<div data-elementor-type=\"wp-page\" data-elementor-id=\"24890\" class=\"elementor elementor-24890 elementor-19457\">\n\t\t\t\t\t\t<section class=\"elementor-section elementor-top-section elementor-element elementor-element-58390ac1 elementor-section-boxed elementor-section-height-default elementor-section-height-default sc_fly_static\" data-id=\"58390ac1\" data-element_type=\"section\" data-settings=\"{&quot;background_background&quot;:&quot;classic&quot;}\">\n\t\t\t\t\t\t<div class=\"elementor-container elementor-column-gap-extended\">\n\t\t\t\t\t<div class=\"elementor-column elementor-col-100 elementor-top-column elementor-element elementor-element-bc95807 sc_inner_width_none sc_content_align_inherit sc_layouts_column_icons_position_left sc_fly_static\" data-id=\"bc95807\" data-element_type=\"column\">\n\t\t\t<div class=\"elementor-widget-wrap elementor-element-populated\">\n\t\t\t\t\t\t<div class=\"elementor-element elementor-element-772ca9d sc_layouts_hide_on_tablet sc_layouts_hide_on_mobile sc_height_small sc_fly_static elementor-widget elementor-widget-spacer\" data-id=\"772ca9d\" data-element_type=\"widget\" data-widget_type=\"spacer.default\">\n\t\t\t\t<div class=\"elementor-widget-container\">\n\t\t\t\t\t<div class=\"elementor-spacer\">\n\t\t\t<div class=\"elementor-spacer-inner\"><\/div>\n\t\t<\/div>\n\t\t\t\t<\/div>\n\t\t\t\t<\/div>\n\t\t\t\t<div class=\"elementor-element elementor-element-c73646e sc_fly_static elementor-widget elementor-widget-trx_sc_title\" data-id=\"c73646e\" data-element_type=\"widget\" data-widget_type=\"trx_sc_title.default\">\n\t\t\t\t<div class=\"elementor-widget-container\">\n\t\t\t<div\t\tclass=\"sc_title sc_title_default\" ><span class=\"sc_item_subtitle sc_title_subtitle sc_align_center sc_item_subtitle_above sc_item_title_style_default\">Telemetry without borders<\/span><h2 class=\"sc_item_title sc_title_title sc_align_center sc_item_title_style_default trx_addons_inline_509250063\"\n\t\t\t><span class=\"sc_item_title_text\">Explore our services<\/span><\/h2><\/div>\t\t<\/div>\n\t\t\t\t<\/div>\n\t\t\t\t\t<\/div>\n\t\t<\/div>\n\t\t\t\t\t<\/div>\n\t\t<\/section>\n\t\t\t\t<section class=\"elementor-section elementor-top-section elementor-element elementor-element-ab4b34d elementor-section-boxed elementor-section-height-default elementor-section-height-default sc_fly_static\" data-id=\"ab4b34d\" data-element_type=\"section\">\n\t\t\t\t\t\t<div class=\"elementor-container elementor-column-gap-extended\">\n\t\t\t\t\t<div class=\"elementor-column elementor-col-100 elementor-top-column elementor-element elementor-element-61f87e5 sc_inner_width_none sc_content_align_inherit sc_layouts_column_icons_position_left sc_fly_static\" data-id=\"61f87e5\" data-element_type=\"column\">\n\t\t\t<div class=\"elementor-widget-wrap elementor-element-populated\">\n\t\t\t\t\t\t<div class=\"elementor-element elementor-element-83b7109 sc_layouts_hide_on_tablet sc_layouts_hide_on_mobile sc_height_small sc_fly_static elementor-widget elementor-widget-spacer\" data-id=\"83b7109\" data-element_type=\"widget\" data-widget_type=\"spacer.default\">\n\t\t\t\t<div class=\"elementor-widget-container\">\n\t\t\t\t\t<div class=\"elementor-spacer\">\n\t\t\t<div class=\"elementor-spacer-inner\"><\/div>\n\t\t<\/div>\n\t\t\t\t<\/div>\n\t\t\t\t<\/div>\n\t\t\t\t\t<\/div>\n\t\t<\/div>\n\t\t\t\t\t<\/div>\n\t\t<\/section>\n\t\t\t\t<section class=\"elementor-section elementor-top-section elementor-element elementor-element-0c44ca3 elementor-section-boxed elementor-section-height-default elementor-section-height-default sc_fly_static\" data-id=\"0c44ca3\" data-element_type=\"section\">\n\t\t\t\t\t\t<div class=\"elementor-container elementor-column-gap-extended\">\n\t\t\t\t\t<div class=\"elementor-column elementor-col-100 elementor-top-column elementor-element elementor-element-2652920 sc_inner_width_none sc_content_align_inherit sc_layouts_column_icons_position_left sc_fly_static\" data-id=\"2652920\" data-element_type=\"column\">\n\t\t\t<div class=\"elementor-widget-wrap elementor-element-populated\">\n\t\t\t\t\t\t<div class=\"elementor-element elementor-element-53174fb sc_fly_static elementor-widget elementor-widget-trx_sc_services\" data-id=\"53174fb\" data-element_type=\"widget\" data-widget_type=\"trx_sc_services.default\">\n\t\t\t\t<div class=\"elementor-widget-container\">\n\t\t\t<div class=\"sc_services sc_services_default sc_services_featured_top\"><div class=\"sc_services_columns_wrap sc_item_columns sc_item_posts_container sc_item_columns_3 trx_addons_columns_wrap columns_padding_bottom columns_in_single_row\"><div class=\"trx_addons_column-1_3\"><div data-post-id=\"24937\" class=\"sc_services_item sc_item_container post_container with_content with_image sc_services_item_featured_top post-24937 cpt_services type-cpt_services status-publish has-post-thumbnail hentry cpt_services_group-our-services\" data-item-number=\"1\"\n>\n\t<div class=\"post_featured with_thumb hover_link sc_services_item_thumb\"><img fetchpriority=\"high\" decoding=\"async\" width=\"890\" height=\"664\" src=\"https:\/\/staging.ellab.si\/wp-content\/uploads\/2020\/04\/Energetika_Ellab2-890x664.jpg\" class=\"attachment-planty-thumb-square size-planty-thumb-square wp-post-image\" alt=\"\" \/>\t\t\t\t\t\t<div class=\"mask\"><\/div>\n\t\t\t\t\t\t<a class=\"post_link sc_services_item_link\" href=\"https:\/\/staging.ellab.si\/en\/services\/energy\/\"><\/a>\t\t\t<a href=\"https:\/\/staging.ellab.si\/en\/services\/energy\/\"  aria-hidden=\"true\" class=\"link\"><\/a>\n\t\t\t<\/div>\t\n\t<div class=\"sc_services_item_info\">\n\t\t\t\t<div class=\"sc_services_item_header\">\n\t\t\t\t\t\t<h4 class=\"sc_services_item_title entry-title\"><a href=\"https:\/\/staging.ellab.si\/en\/services\/energy\/\">Energy<\/a><\/h4>\n            <div class=\"sc_services_item_subtitle\"><a href=\"https:\/\/staging.ellab.si\/en\/services_group\/our-services\/\" title=\"View all posts in Our services\">Our services<\/a><\/div>\t\t<\/div>\n\t\t                    <div class=\"sc_services_item_content\"><p>Ensure that renewable electricity is produced in a way that does not have a negative impact on nature? Is this possible? Absolutely! The benefits of generating electricity with the Archimedes&hellip;<\/p>\n<\/div><div class=\"sc_services_item_button sc_item_button\">\n            <a href=\"https:\/\/staging.ellab.si\/en\/services\/energy\/\" class=\"sc_services_item_more_link\">\n                <span class=\"link_text\">Read more<\/span><span class=\"link_icon\"><\/span>\n            <\/a>\n            <\/div><\/div>\n<\/div>\n<\/div><div class=\"trx_addons_column-1_3\"><div data-post-id=\"24938\" class=\"sc_services_item sc_item_container post_container with_content with_image sc_services_item_featured_top post-24938 cpt_services type-cpt_services status-publish has-post-thumbnail hentry cpt_services_group-our-services\" data-item-number=\"2\"\n>\n\t<div class=\"post_featured with_thumb hover_link sc_services_item_thumb\"><img decoding=\"async\" width=\"890\" height=\"664\" src=\"https:\/\/staging.ellab.si\/wp-content\/uploads\/2020\/04\/Odpadna-voda_DJI_0383-890x664.jpg\" class=\"attachment-planty-thumb-square size-planty-thumb-square wp-post-image\" alt=\"\" \/>\t\t\t\t\t\t<div class=\"mask\"><\/div>\n\t\t\t\t\t\t<a class=\"post_link sc_services_item_link\" href=\"https:\/\/staging.ellab.si\/en\/services\/waste-water\/\"><\/a>\t\t\t<a href=\"https:\/\/staging.ellab.si\/en\/services\/waste-water\/\"  aria-hidden=\"true\" class=\"link\"><\/a>\n\t\t\t<\/div>\t\n\t<div class=\"sc_services_item_info\">\n\t\t\t\t<div class=\"sc_services_item_header\">\n\t\t\t\t\t\t<h4 class=\"sc_services_item_title entry-title\"><a href=\"https:\/\/staging.ellab.si\/en\/services\/waste-water\/\">Waste water<\/a><\/h4>\n            <div class=\"sc_services_item_subtitle\"><a href=\"https:\/\/staging.ellab.si\/en\/services_group\/our-services\/\" title=\"View all posts in Our services\">Our services<\/a><\/div>\t\t<\/div>\n\t\t                    <div class=\"sc_services_item_content\"><p>Ultimately, people realise that if they don&#8217;t take care of their wastewater, they can&#8217;t take care of their drinking water &#8230; We have been working intensively on the automation of&hellip;<\/p>\n<\/div><div class=\"sc_services_item_button sc_item_button\">\n            <a href=\"https:\/\/staging.ellab.si\/en\/services\/waste-water\/\" class=\"sc_services_item_more_link\">\n                <span class=\"link_text\">Read more<\/span><span class=\"link_icon\"><\/span>\n            <\/a>\n            <\/div><\/div>\n<\/div>\n<\/div><div class=\"trx_addons_column-1_3\"><div data-post-id=\"24939\" class=\"sc_services_item sc_item_container post_container with_content with_image sc_services_item_featured_top post-24939 cpt_services type-cpt_services status-publish has-post-thumbnail hentry cpt_services_group-our-services\" data-item-number=\"3\"\n>\n\t<div class=\"post_featured with_thumb hover_link sc_services_item_thumb\"><img decoding=\"async\" width=\"890\" height=\"664\" src=\"https:\/\/staging.ellab.si\/wp-content\/uploads\/2020\/04\/Gregor-890x664.jpg\" class=\"attachment-planty-thumb-square size-planty-thumb-square wp-post-image\" alt=\"\" \/>\t\t\t\t\t\t<div class=\"mask\"><\/div>\n\t\t\t\t\t\t<a class=\"post_link sc_services_item_link\" href=\"https:\/\/staging.ellab.si\/en\/services\/drinking-water\/\"><\/a>\t\t\t<a href=\"https:\/\/staging.ellab.si\/en\/services\/drinking-water\/\"  aria-hidden=\"true\" class=\"link\"><\/a>\n\t\t\t<\/div>\t\n\t<div class=\"sc_services_item_info\">\n\t\t\t\t<div class=\"sc_services_item_header\">\n\t\t\t\t\t\t<h4 class=\"sc_services_item_title entry-title\"><a href=\"https:\/\/staging.ellab.si\/en\/services\/drinking-water\/\">Drinking water<\/a><\/h4>\n            <div class=\"sc_services_item_subtitle\"><a href=\"https:\/\/staging.ellab.si\/en\/services_group\/our-services\/\" title=\"View all posts in Our services\">Our services<\/a><\/div>\t\t<\/div>\n\t\t                    <div class=\"sc_services_item_content\"><p>The decision to make remote monitoring of water systems Ellab&#8217;s core business was taken in the second half of the 1970s. At that time, we established the first wireless connection&hellip;<\/p>\n<\/div><div class=\"sc_services_item_button sc_item_button\">\n            <a href=\"https:\/\/staging.ellab.si\/en\/services\/drinking-water\/\" class=\"sc_services_item_more_link\">\n                <span class=\"link_text\">Read more<\/span><span class=\"link_icon\"><\/span>\n            <\/a>\n            <\/div><\/div>\n<\/div>\n<\/div><\/div><\/div>\t\t<\/div>\n\t\t\t\t<\/div>\n\t\t\t\t<div class=\"elementor-element elementor-element-b116fce sc_height_huge sc_fly_static elementor-widget elementor-widget-spacer\" data-id=\"b116fce\" data-element_type=\"widget\" data-widget_type=\"spacer.default\">\n\t\t\t\t<div class=\"elementor-widget-container\">\n\t\t\t\t\t<div class=\"elementor-spacer\">\n\t\t\t<div class=\"elementor-spacer-inner\"><\/div>\n\t\t<\/div>\n\t\t\t\t<\/div>\n\t\t\t\t<\/div>\n\t\t\t\t\t<\/div>\n\t\t<\/div>\n\t\t\t\t\t<\/div>\n\t\t<\/section>\n\t\t\t\t<section class=\"elementor-section elementor-top-section elementor-element elementor-element-6eb3f15b elementor-section-content-middle scheme_dark elementor-section-boxed elementor-section-height-default elementor-section-height-default sc_fly_static\" data-id=\"6eb3f15b\" data-element_type=\"section\" data-settings=\"{&quot;background_background&quot;:&quot;classic&quot;}\">\n\t\t\t\t\t\t<div class=\"elementor-container elementor-column-gap-extended\">\n\t\t\t\t\t<div class=\"elementor-column elementor-col-50 elementor-top-column elementor-element elementor-element-4b9b72d2 sc-mobile_content_align_inherit sc_inner_width_none sc_content_align_inherit sc_layouts_column_icons_position_left sc_fly_static\" data-id=\"4b9b72d2\" data-element_type=\"column\">\n\t\t\t<div class=\"elementor-widget-wrap elementor-element-populated\">\n\t\t\t\t\t\t<div class=\"elementor-element elementor-element-1b7ac8c sc_height_large sc_fly_static elementor-widget elementor-widget-spacer\" data-id=\"1b7ac8c\" data-element_type=\"widget\" data-widget_type=\"spacer.default\">\n\t\t\t\t<div class=\"elementor-widget-container\">\n\t\t\t\t\t<div class=\"elementor-spacer\">\n\t\t\t<div class=\"elementor-spacer-inner\"><\/div>\n\t\t<\/div>\n\t\t\t\t<\/div>\n\t\t\t\t<\/div>\n\t\t\t\t<div class=\"elementor-element elementor-element-3e3fe29a scheme_default sc_fly_static elementor-widget elementor-widget-trx_sc_title\" data-id=\"3e3fe29a\" data-element_type=\"widget\" data-widget_type=\"trx_sc_title.default\">\n\t\t\t\t<div class=\"elementor-widget-container\">\n\t\t\t<div\t\tclass=\"sc_title scheme_default sc_title_default\" ><h2 class=\"sc_item_title sc_title_title sc_item_title_style_default trx_addons_inline_826189080\"\n\t\t\t><span class=\"sc_item_title_text\">Remote process control company.<\/span><\/h2><\/div>\t\t<\/div>\n\t\t\t\t<\/div>\n\t\t\t\t<div class=\"elementor-element elementor-element-4feee8dc sc_height_large sc_layouts_hide_on_mobile sc_fly_static elementor-widget elementor-widget-spacer\" data-id=\"4feee8dc\" data-element_type=\"widget\" data-widget_type=\"spacer.default\">\n\t\t\t\t<div class=\"elementor-widget-container\">\n\t\t\t\t\t<div class=\"elementor-spacer\">\n\t\t\t<div class=\"elementor-spacer-inner\"><\/div>\n\t\t<\/div>\n\t\t\t\t<\/div>\n\t\t\t\t<\/div>\n\t\t\t\t\t<\/div>\n\t\t<\/div>\n\t\t\t\t<div class=\"elementor-column elementor-col-50 elementor-top-column elementor-element elementor-element-18c38a41 sc_layouts_column_align_right sc_layouts_column sc-mobile_layouts_column_align_left sc_layouts_column sc_inner_width_none sc_content_align_inherit sc_layouts_column_icons_position_left sc_fly_static\" data-id=\"18c38a41\" data-element_type=\"column\">\n\t\t\t<div class=\"elementor-widget-wrap elementor-element-populated\">\n\t\t\t\t\t\t<div class=\"elementor-element elementor-element-de9ca27 sc_height_large sc_layouts_hide_on_mobile sc_fly_static elementor-widget elementor-widget-spacer\" data-id=\"de9ca27\" data-element_type=\"widget\" data-widget_type=\"spacer.default\">\n\t\t\t\t<div class=\"elementor-widget-container\">\n\t\t\t\t\t<div class=\"elementor-spacer\">\n\t\t\t<div class=\"elementor-spacer-inner\"><\/div>\n\t\t<\/div>\n\t\t\t\t<\/div>\n\t\t\t\t<\/div>\n\t\t\t\t<div class=\"elementor-element elementor-element-69dca3c sc_layouts_hide_on_wide sc_layouts_hide_on_desktop sc_layouts_hide_on_notebook sc_layouts_hide_on_tablet sc_fly_static elementor-widget elementor-widget-spacer\" data-id=\"69dca3c\" data-element_type=\"widget\" data-widget_type=\"spacer.default\">\n\t\t\t\t<div class=\"elementor-widget-container\">\n\t\t\t\t\t<div class=\"elementor-spacer\">\n\t\t\t<div class=\"elementor-spacer-inner\"><\/div>\n\t\t<\/div>\n\t\t\t\t<\/div>\n\t\t\t\t<\/div>\n\t\t\t\t<div class=\"elementor-element elementor-element-3d35557f sc_fly_static elementor-widget elementor-widget-trx_sc_button\" data-id=\"3d35557f\" data-element_type=\"widget\" data-widget_type=\"trx_sc_button.default\">\n\t\t\t\t<div class=\"elementor-widget-container\">\n\t\t\t<div\tclass=\"sc_item_button sc_button_wrap\" ><a href=\"https:\/\/staging.ellab.si\/en\/\" class=\"sc_button sc_button_bordered sc_button_size_normal sc_button_icon_left color_style_dark\" ><span class=\"sc_button_text\"><span class=\"sc_button_title\">Ellab<\/span><\/span><\/a><\/div>\t\t<\/div>\n\t\t\t\t<\/div>\n\t\t\t\t<div class=\"elementor-element elementor-element-7429efc0 sc_height_large sc_fly_static elementor-widget elementor-widget-spacer\" data-id=\"7429efc0\" data-element_type=\"widget\" data-widget_type=\"spacer.default\">\n\t\t\t\t<div class=\"elementor-widget-container\">\n\t\t\t\t\t<div class=\"elementor-spacer\">\n\t\t\t<div class=\"elementor-spacer-inner\"><\/div>\n\t\t<\/div>\n\t\t\t\t<\/div>\n\t\t\t\t<\/div>\n\t\t\t\t\t<\/div>\n\t\t<\/div>\n\t\t\t\t\t<\/div>\n\t\t<\/section>\n\t\t\t\t<\/div>\n\t\t","protected":false},"excerpt":{"rendered":"<p>Telemetry without borders Explore our services Pitna voda Na\u0161e storitve Odlo\u010ditev, da bo glavna dejavnost podjetja Ellab daljinski nadzor vodovodnih sistemov, je bila sprejeta \u017ee v drugi polovici sedemdesetih let&hellip;<\/p>\n","protected":false},"author":6,"featured_media":0,"parent":0,"menu_order":0,"comment_status":"closed","ping_status":"closed","template":"","meta":{"passster_activate_protection":false,"passster_protect_child_pages":"","passster_protection_type":"password","passster_password":"","passster_activate_overwrite_defaults":"","passster_headline":"","passster_instruction":"","passster_placeholder":"","passster_button":"","passster_id":"","passster_activate_misc_settings":"","passster_redirect_url":"","passster_hide":"no","passster_area_shortcode":"","footnotes":""},"class_list":["post-24890","page","type-page","status-publish","hentry"],"_links":{"self":[{"href":"https:\/\/staging.ellab.si\/en\/wp-json\/wp\/v2\/pages\/24890","targetHints":{"allow":["GET"]}}],"collection":[{"href":"https:\/\/staging.ellab.si\/en\/wp-json\/wp\/v2\/pages"}],"about":[{"href":"https:\/\/staging.ellab.si\/en\/wp-json\/wp\/v2\/types\/page"}],"author":[{"embeddable":true,"href":"https:\/\/staging.ellab.si\/en\/wp-json\/wp\/v2\/users\/6"}],"replies":[{"embeddable":true,"href":"https:\/\/staging.ellab.si\/en\/wp-json\/wp\/v2\/comments?post=24890"}],"version-history":[{"count":5,"href":"https:\/\/staging.ellab.si\/en\/wp-json\/wp\/v2\/pages\/24890\/revisions"}],"predecessor-version":[{"id":25024,"href":"https:\/\/staging.ellab.si\/en\/wp-json\/wp\/v2\/pages\/24890\/revisions\/25024"}],"wp:attachment":[{"href":"https:\/\/staging.ellab.si\/en\/wp-json\/wp\/v2\/media?parent=24890"}],"curies":[{"name":"wp","href":"https:\/\/api.w.org\/{rel}","templated":true}]}}